{"id":9,"date":"2009-06-30T16:53:23","date_gmt":"2009-06-30T14:53:23","guid":{"rendered":"https:\/\/www.boriszatko.com\/?page_id=9"},"modified":"2009-09-30T10:12:26","modified_gmt":"2009-09-30T08:12:26","slug":"romane","status":"publish","type":"page","link":"https:\/\/www.boriszatko.com\/?page_id=9","title":{"rendered":"Romane"},"content":{"rendered":"<p><img decoding=\"async\" loading=\"lazy\" class=\"alignleft size-full wp-image-105\" title=\"Anna-Fink-BZ-Intro\" src=\"https:\/\/www.boriszatko.com\/wp-content\/uploads\/Anna-Fink-BZ-Intro.jpg\" alt=\"Anna-Fink-BZ-Intro\" width=\"890\" height=\"595\" srcset=\"https:\/\/www.boriszatko.com\/wp-content\/uploads\/Anna-Fink-BZ-Intro.jpg 890w, https:\/\/www.boriszatko.com\/wp-content\/uploads\/Anna-Fink-BZ-Intro-300x200.jpg 300w\" sizes=\"(max-width: 890px) 100vw, 890px\" \/><\/p>\n<div id=\"_mcePaste\" style=\"position: absolute; left: -10000px; top: 0px; width: 1px; height: 1px; overflow-x: hidden; overflow-y: hidden;\">igentlich m\u00fcsste es mit Anna und ihrer Mutter<\/div>\n<div id=\"_mcePaste\" style=\"position: absolute; left: -10000px; top: 0px; width: 1px; height: 1px; overflow-x: hidden; overflow-y: hidden;\">endlich wieder aufw\u00e4rtsgehen, denn nach dem<\/div>\n<div id=\"_mcePaste\" style=\"position: absolute; left: -10000px; top: 0px; width: 1px; height: 1px; overflow-x: hidden; overflow-y: hidden;\">Tod von Annas Vater erben die beiden eine Villa in<\/div>\n<div id=\"_mcePaste\" style=\"position: absolute; left: -10000px; top: 0px; width: 1px; height: 1px; overflow-x: hidden; overflow-y: hidden;\">einer fremden Stadt. Doch schon bei ihrer Ankunft<\/div>\n<div id=\"_mcePaste\" style=\"position: absolute; left: -10000px; top: 0px; width: 1px; height: 1px; overflow-x: hidden; overflow-y: hidden;\">passiert Unheimliches: Ihnen begegnen geheimnisvolle<\/div>\n<div id=\"_mcePaste\" style=\"position: absolute; left: -10000px; top: 0px; width: 1px; height: 1px; overflow-x: hidden; overflow-y: hidden;\">Gestalten am Bahnhof und zwielichtige Fahrende Leute<\/div>\n<div id=\"_mcePaste\" style=\"position: absolute; left: -10000px; top: 0px; width: 1px; height: 1px; overflow-x: hidden; overflow-y: hidden;\">auf dem Grundst\u00fcck. Zudem verh\u00e4lt sich der zust\u00e4ndige<\/div>\n<div id=\"_mcePaste\" style=\"position: absolute; left: -10000px; top: 0px; width: 1px; height: 1px; overflow-x: hidden; overflow-y: hidden;\">Notar h\u00f6chst mysteri\u00f6s. Schon bald ahnt Anna, dass<\/div>\n<div id=\"_mcePaste\" style=\"position: absolute; left: -10000px; top: 0px; width: 1px; height: 1px; overflow-x: hidden; overflow-y: hidden;\">sie in eine dunkle Verschw\u00f6rung geraten sein muss.<\/div>\n<div id=\"_mcePaste\" style=\"position: absolute; left: -10000px; top: 0px; width: 1px; height: 1px; overflow-x: hidden; overflow-y: hidden;\">Als sie beschlie\u00dft, den merkw\u00fcrdigen Ereignissen auf<\/div>\n<div id=\"_mcePaste\" style=\"position: absolute; left: -10000px; top: 0px; width: 1px; height: 1px; overflow-x: hidden; overflow-y: hidden;\">den Grund zu gehen, wird ihr Verstand auf eine harte<\/div>\n<div id=\"_mcePaste\" style=\"position: absolute; left: -10000px; top: 0px; width: 1px; height: 1px; overflow-x: hidden; overflow-y: hidden;\">Probe gestellt. Aber je n\u00e4her sie der Wahrheit kommt,<\/div>\n<div id=\"_mcePaste\" style=\"position: absolute; left: -10000px; top: 0px; width: 1px; height: 1px; overflow-x: hidden; overflow-y: hidden;\">desto klarer wird ihr: Sie \u00a0muss das R\u00e4tsel ihrer<\/div>\n<div id=\"_mcePaste\" style=\"position: absolute; left: -10000px; top: 0px; width: 1px; height: 1px; overflow-x: hidden; overflow-y: hidden;\">geheimnisvollen Erbschaft l\u00f6sen, sonst wird sie<\/div>\n<div id=\"_mcePaste\" style=\"position: absolute; left: -10000px; top: 0px; width: 1px; height: 1px; overflow-x: hidden; overflow-y: hidden;\">nie erfahren, wer sie in Wirklichkeit ist<\/div>\n<p><em>&#8222;Eigentlich m\u00fcsste es mit Anna und ihrer Mutter\u00a0endlich wieder aufw\u00e4rtsgehen, denn nach dem\u00a0Tod von Annas Vater erben die beiden eine Villa in\u00a0einer fremden Stadt. Doch schon bei ihrer Ankunft\u00a0passiert Unheimliches: Ihnen begegnen geheimnisvolle\u00a0Gestalten am Bahnhof und zwielichtige Fahrende Leute\u00a0auf dem Grundst\u00fcck. Zudem verh\u00e4lt sich der zust\u00e4ndige\u00a0Notar h\u00f6chst mysteri\u00f6s. Schon bald ahnt Anna, dass\u00a0sie in eine dunkle Verschw\u00f6rung geraten sein muss.\u00a0Als sie beschlie\u00dft, den merkw\u00fcrdigen Ereignissen auf\u00a0den Grund zu gehen, wird ihr Verstand auf eine harte\u00a0Probe gestellt. Aber je n\u00e4her sie der Wahrheit kommt,\u00a0desto klarer wird ihr: Sie\u00a0muss das R\u00e4tsel ihrer\u00a0geheimnisvollen Erbschaft l\u00f6sen, sonst wird sie\u00a0nie erfahren, wer sie in Wirklichkeit ist.&#8220;<\/em><\/p>\n<p><a href=\"https:\/\/www.boriszatko.com\/wp-content\/uploads\/Anna-Fink-BZ-Buch-1.jpg\"><img decoding=\"async\" loading=\"lazy\" class=\"alignleft size-full wp-image-103\" title=\"Anna-Fink-BZ-Buch-1V\" src=\"https:\/\/www.boriszatko.com\/wp-content\/uploads\/Anna-Fink-BZ-Buch-1V.jpg\" alt=\"Anna-Fink-BZ-Buch-1V\" width=\"890\" height=\"392\" srcset=\"https:\/\/www.boriszatko.com\/wp-content\/uploads\/Anna-Fink-BZ-Buch-1V.jpg 890w, https:\/\/www.boriszatko.com\/wp-content\/uploads\/Anna-Fink-BZ-Buch-1V-300x132.jpg 300w\" sizes=\"(max-width: 890px) 100vw, 890px\" \/><\/a><\/p>\n<p>Etwa 1999 habe ich mit dieser Trilogie angefangen. Seitdem hat sich unglaublich viel getan, in meiner Arbeit wie in meinem Leben. Damals hatte ich langsam konkret damit begonnen, meinen Lebenstraum zu erf\u00fcllen, irgendwann nur noch Geschichten erz\u00e4hlen zu d\u00fcrfen. Denn ich bezeichne mich eigentlich nicht gerne nur als Zeichner oder Schriftsteller. Am liebsten w\u00e4re mir der Titel Geschichtenerz\u00e4hler.<\/p>\n<p><strong><a href=\"http:\/\/www.annafink.com\" target=\"_blank\">Anna Fink<\/a><\/strong> war das erste eigene Projekt, das aus reiner Leidenschaft geboren wurde. Daran werde ich meine zuk\u00fcnftigen B\u00fccher messen, denn das ist es, was ich wirklich will: Geschichten aus Leidenschaft erz\u00e4hlen. Alles andere w\u00e4re Selbstbetrug.<\/p>\n<p>Ich hatte bereits einige Ver\u00f6ffentlichungen hinter mir, welche aber alle fremdbestimmt waren. Mit einem eigenen Buch auf Verlagssuche zu gehen, war etwas v\u00f6llig anderes. Sie Suche war hoffnungslos, aber aufgegeben habe ich nie. Irgendwann beschloss ich, das Buch \u00fcber <strong><a href=\"http:\/\/www.bod.de\" target=\"_blank\">BoD<\/a><\/strong> zu ver\u00f6ffentlichen, gewann dort den <strong>BoD-Autoren-Award 2007<\/strong> und kam dadurch zum <strong><a href=\"http:\/\/www.baumhaus-verlag.de\" target=\"_blank\">Baumhaus-Verlag<\/a><span style=\"font-weight: normal;\">. Das Ganze war eine verr\u00fcckte wie gl\u00fcckliche Geschichte, die ich an anderer <\/span><a href=\"http:\/\/www.annafink.com\" target=\"_blank\">Stelle<\/a><span style=\"font-weight: normal;\"> erz\u00e4hlen werde.<\/span><\/strong><\/p>\n<p><strong><span style=\"font-weight: normal;\">Nun erscheint das erste Buch in ganz neuem Gewand. Ich habe daf\u00fcr f\u00fcr jedes Kapitel eine Eingangs-Illustration angefertigt (unten k\u00f6nnt ihr drei davon sehen), und das Buch ist genauso geworden, wie ich es mir ertr\u00e4umt habe. Meine B\u00fccher sollen einmal den Test der Zeit bestehen, was hei\u00dft, dass ich sie in 10 oder 20 Jahren noch genauso toll finden soll wie am Anfang. Und bei <\/span>Anna Fink<span style=\"font-weight: normal;\"> bin ich da sehr zuversichtlich.<\/span><\/strong><\/p>\n<p><strong><span style=\"font-weight: normal;\"><a href=\"https:\/\/www.boriszatko.com\/wp-content\/uploads\/Anna-Fink_BZ-Buch-1-K1.jpg\"><img decoding=\"async\" loading=\"lazy\" class=\"alignnone size-full wp-image-97\" title=\"Anna-Fink_BZ-Buch-1-K1V\" src=\"https:\/\/www.boriszatko.com\/wp-content\/uploads\/Anna-Fink_BZ-Buch-1-K1V.jpg\" alt=\"Anna-Fink_BZ-Buch-1-K1V\" width=\"280\" height=\"369\" srcset=\"https:\/\/www.boriszatko.com\/wp-content\/uploads\/Anna-Fink_BZ-Buch-1-K1V.jpg 280w, https:\/\/www.boriszatko.com\/wp-content\/uploads\/Anna-Fink_BZ-Buch-1-K1V-227x300.jpg 227w\" sizes=\"(max-width: 280px) 100vw, 280px\" \/><\/a><a href=\"https:\/\/www.boriszatko.com\/wp-content\/uploads\/Anna-Fink_BZ-Buch-1-K2.jpg\"><img decoding=\"async\" loading=\"lazy\" class=\"alignnone size-full wp-image-102\" title=\"Anna-Fink_BZ-Buch-1-K2V\" src=\"https:\/\/www.boriszatko.com\/wp-content\/uploads\/Anna-Fink_BZ-Buch-1-K2V.jpg\" alt=\"Anna-Fink_BZ-Buch-1-K2V\" width=\"280\" height=\"369\" srcset=\"https:\/\/www.boriszatko.com\/wp-content\/uploads\/Anna-Fink_BZ-Buch-1-K2V.jpg 280w, https:\/\/www.boriszatko.com\/wp-content\/uploads\/Anna-Fink_BZ-Buch-1-K2V-227x300.jpg 227w\" sizes=\"(max-width: 280px) 100vw, 280px\" \/><\/a><a href=\"https:\/\/www.boriszatko.com\/wp-content\/uploads\/Anna-Fink_BZ-Buch-1-K3.jpg\"><img decoding=\"async\" loading=\"lazy\" class=\"alignnone size-full wp-image-100\" title=\"Anna-Fink_BZ-Buch-1-K3V\" src=\"https:\/\/www.boriszatko.com\/wp-content\/uploads\/Anna-Fink_BZ-Buch-1-K3V.jpg\" alt=\"Anna-Fink_BZ-Buch-1-K3V\" width=\"280\" height=\"369\" srcset=\"https:\/\/www.boriszatko.com\/wp-content\/uploads\/Anna-Fink_BZ-Buch-1-K3V.jpg 280w, https:\/\/www.boriszatko.com\/wp-content\/uploads\/Anna-Fink_BZ-Buch-1-K3V-227x300.jpg 227w\" sizes=\"(max-width: 280px) 100vw, 280px\" \/><\/a><\/span><\/strong><\/p>\n<p>Der erste Teil ist in sich abgeschlossen, was auch bei den beiden Fortsetzungen der Fall sein wird. Es gibt bereits einige Rezensionen, die aber noch von der BoD-Version stammen. Da die Geschichte aber dieselbe ist, gelten sie auch f\u00fcr die Baumhaus-Ausgabe. Ich habe ein paar von ihnen unten aufgelistet.<\/p>\n<p>Wer neugierig auf das Buch geworden ist, darf es sich nat\u00fcrlich gerne <strong><a href=\"http:\/\/www.amazon.de\/Anna-Fink-01-Fanfare-K\u00f6nigs\/dp\/3833936746\/ref=sr_1_1?ie=UTF8&amp;s=books&amp;qid=1248251904&amp;sr=8-1\" target=\"_blank\">bestellen<\/a><\/strong>.<\/p>\n<p><strong>Rezension von<\/strong> <strong><a href=\"https:\/\/www.boriszatko.com\/wp-content\/uploads\/Main-Echo-07.jpg\" target=\"_blank\">Main-Echo<\/a><\/strong>:<br \/>\nAuszug: <em>&#8222;Ein unglaublich spannendes Buch hat der Autor Boris Zatko geschrieben, das nur so vor skurrilen und fantastischen Einf\u00e4llen strotzt. Dabei beschr\u00e4nkt er sich nicht nur auf das Erz\u00e4hlen der fantastischen Ereignisse, sondern wirft dar\u00fcber hinaus einen sensiblen Blick in die Seele der heranwachsenden Anna Fink mit all ihren Sorgen und N\u00f6ten.&#8220;<\/em><\/p>\n<p><strong>Rezension von<\/strong> <strong><a href=\"http:\/\/www.comicgate.de\/content\/view\/774\/51\/\" target=\"_blank\">Comicgate<\/a><\/strong>:<br \/>\nAuszug: <em>&#8222;Anna Fink: Die Fanfare des K\u00f6nigs ist das perfekte Geschenk f\u00fcr euer Patenkind\/eigenes Kind\/Kind von Freunden im Alter von 12 bis 15 Jahren. Und hat den Vorteil, dass ihr es vor dem Schenken gut selber lesen k\u00f6nnt.&#8220;<\/em><\/p>\n<p><strong>Rezension von<\/strong> <strong><a href=\"https:\/\/www.boriszatko.com\/wp-content\/uploads\/Yolanthes-Kritik-Anna-Fink.jpg\" target=\"_blank\">Yolanthes Bibliothek<\/a><\/strong>:<br \/>\nAuszug: <em>&#8222;Zatko schreibt klare Sprache, einen sicheren Stil und eine gute Story und ist somit in den Reihen der guten deutschsprachigen Jugendschriftsteller einzuordnen. Sehr empfehlenswert.&#8220;<\/em><\/p>\n<p><strong>Rezension von<\/strong> <strong><a href=\"http:\/\/roterdorn.de\/inhalt.php?xz=rezi&amp;id=9885\" target=\"_blank\">Roter Dorn<\/a><\/strong>:<br \/>\nAuszug: <em>&#8222;Die Erlebnisse von Anna nehmen einen von der ersten Seite an gefangen. Man fiebert mit ihr und r\u00e4tselt, was es mit all den merkw\u00fcrdigen Dingen, die sie sieht, auf sich haben k\u00f6nnte.&#8220;<\/em><\/p>\n<p><strong>Rezension von<\/strong> <strong><a href=\"http:\/\/www.literaturschock.de\/buecher\/3833462191.htm\" target=\"_blank\">Literaturschock<\/a><\/strong>:<br \/>\nAuszug: <em>&#8222;Die Charaktere sind ebenso liebensw\u00fcrdig wie einzigartig und garniert mit der au\u00dfergew\u00f6hnlichen Sprache des Autors bleibt am Ende der Lekt\u00fcre nur eines zu sagen: Gelungen; denn dieses Buch hat einfach kein Manko!&#8220;<\/em><\/p>\n<p><em><a href=\"https:\/\/www.boriszatko.com\/wp-content\/uploads\/Hereinspaziert.jpg\"><img decoding=\"async\" loading=\"lazy\" class=\"alignnone size-full wp-image-138\" title=\"Abstand\" src=\"https:\/\/www.boriszatko.com\/wp-content\/uploads\/Abstand.jpg\" alt=\"Abstand\" width=\"89\" height=\"70\" \/><\/a><\/em><\/p>\n","protected":false},"excerpt":{"rendered":"<p>igentlich m\u00fcsste es mit Anna und ihrer Mutter endlich wieder aufw\u00e4rtsgehen, denn nach dem Tod von Annas Vater erben die beiden eine Villa in einer fremden Stadt. Doch schon bei ihrer Ankunft passiert Unheimliches: Ihnen begegnen geheimnisvolle Gestalten am Bahnhof und zwielichtige Fahrende Leute auf dem Grundst\u00fcck. Zudem verh\u00e4lt sich der zust\u00e4ndige Notar h\u00f6chst mysteri\u00f6s. [&hellip;]<\/p>\n","protected":false},"author":1,"featured_media":0,"parent":0,"menu_order":0,"comment_status":"closed","ping_status":"closed","template":"","meta":{"footnotes":""},"_links":{"self":[{"href":"https:\/\/www.boriszatko.com\/index.php?rest_route=\/wp\/v2\/pages\/9"}],"collection":[{"href":"https:\/\/www.boriszatko.com\/index.php?rest_route=\/wp\/v2\/pages"}],"about":[{"href":"https:\/\/www.boriszatko.com\/index.php?rest_route=\/wp\/v2\/types\/page"}],"author":[{"embeddable":true,"href":"https:\/\/www.boriszatko.com\/index.php?rest_route=\/wp\/v2\/users\/1"}],"replies":[{"embeddable":true,"href":"https:\/\/www.boriszatko.com\/index.php?rest_route=%2Fwp%2Fv2%2Fcomments&post=9"}],"version-history":[{"count":12,"href":"https:\/\/www.boriszatko.com\/index.php?rest_route=\/wp\/v2\/pages\/9\/revisions"}],"predecessor-version":[{"id":96,"href":"https:\/\/www.boriszatko.com\/index.php?rest_route=\/wp\/v2\/pages\/9\/revisions\/96"}],"wp:attachment":[{"href":"https:\/\/www.boriszatko.com\/index.php?rest_route=%2Fwp%2Fv2%2Fmedia&parent=9"}],"curies":[{"name":"wp","href":"https:\/\/api.w.org\/{rel}","templated":true}]}}