{"id":338,"date":"2009-11-28T11:11:36","date_gmt":"2009-11-28T09:11:36","guid":{"rendered":"https:\/\/www.boriszatko.com\/?page_id=338"},"modified":"2010-06-07T17:26:01","modified_gmt":"2010-06-07T15:26:01","slug":"empfehlungen","status":"publish","type":"page","link":"https:\/\/www.boriszatko.com\/?page_id=338","title":{"rendered":"Empfehlungen"},"content":{"rendered":"<p>An dieser Stelle m\u00f6chte ich gro\u00dfartige Dinge empfehlen.<\/p>\n<p>Das ist anma\u00dfend, m\u00f6gen die Kritiker protestieren, die Geschm\u00e4cker seien schlie\u00dflich verschieden.<\/p>\n<p>Dem stimme ich zu. Es gibt guten und schlechten Geschmack.<\/p>\n<p>Ruhe jetzt und lesen!<\/p>\n<p>Ich fange an mit Comedy, denn diese begleitet mich t\u00e4glich, weil ich anstatt Musik, lieber lustige Menschen h\u00f6re. Jeder, der wieder einmal lachen m\u00f6chte, dem seien folgende Perlen ans Herz gelegt:<\/p>\n<p style=\"text-align: center; \"><strong>THE OFFICE<\/strong><\/p>\n<p style=\"text-align: center; \"><a href=\"http:\/\/www.youtube.com\/watch?v=M08cYvOPlck\" target=\"_blank\">Kostprobe<\/a><\/p>\n<p><img decoding=\"async\" loading=\"lazy\" class=\"alignnone size-full wp-image-443\" title=\"Buero\" src=\"https:\/\/www.boriszatko.com\/wp-content\/uploads\/Buero.jpg\" alt=\"Buero\" width=\"890\" height=\"400\" srcset=\"https:\/\/www.boriszatko.com\/wp-content\/uploads\/Buero.jpg 890w, https:\/\/www.boriszatko.com\/wp-content\/uploads\/Buero-300x134.jpg 300w\" sizes=\"(max-width: 890px) 100vw, 890px\" \/><\/p>\n<p>Die K\u00f6nigsklasse der Comedy. Was die beiden Herren <a href=\"http:\/\/www.rickygervais.com\" target=\"_blank\">Ricky Gervais<\/a> und <a href=\"http:\/\/www.stephenmerchant.com\/\" target=\"_blank\">Stephen Merchant<\/a> mit dieser Serie geschaffen haben, kann man in etwa damit vergleichen, als h\u00e4tte jemand endlich den Heiligen Gral gefunden. Ein Kom\u00f6dien-Einschlag, der alle seichten Lachnummern ausgerottet und N\u00e4hrboden f\u00fcr bessere Unterhaltung erschaffen hat. Im Deutschen Fernsehen l\u00e4uft die Interpretation <a href=\"http:\/\/www.prosieben.ch\/tv\/stromberg\/\" target=\"_blank\">Stromberg<\/a>, welche ich ebenfalls w\u00e4rmstens empfehlen kann.<\/p>\n<p style=\"text-align: center; \"><strong>EXTRAS<\/strong><\/p>\n<p style=\"text-align: center; \"><a href=\"http:\/\/www.youtube.com\/watch?v=Fg_cwI1Xj4M\" target=\"_blank\">Kostprobe<\/a><\/p>\n<p><img decoding=\"async\" loading=\"lazy\" class=\"alignnone size-full wp-image-442\" title=\"Statisten\" src=\"https:\/\/www.boriszatko.com\/wp-content\/uploads\/Statisten.jpg\" alt=\"Statisten\" width=\"890\" height=\"400\" srcset=\"https:\/\/www.boriszatko.com\/wp-content\/uploads\/Statisten.jpg 890w, https:\/\/www.boriszatko.com\/wp-content\/uploads\/Statisten-300x134.jpg 300w\" sizes=\"(max-width: 890px) 100vw, 890px\" \/><\/p>\n<p>Bleiben wir gleich beim &#8222;Winning Team&#8220;. Nach &#8222;The Office&#8220; schufen Gervais und Merchant gleich das n\u00e4chste Meisterwerk. Dem armen Schauspieler Andy Millman dabei zuzusehen, wie er versucht, Karriere zu machen, ist einfach nur k\u00f6stlich. Aber noch sch\u00f6ner ist es, wie die zahlreichen Gaststars sich selber gen\u00fcsslich in den Kakao tauchen.<\/p>\n<p style=\"text-align: center; \"><strong>CURB YOUR ENTHUSIASM<\/strong><\/p>\n<p style=\"text-align: center; \"><a href=\"http:\/\/www.youtube.com\/watch?v=2zwMP1uVk74&amp;feature=related\" target=\"_blank\">Kostprobe<\/a><\/p>\n<p style=\"text-align: center; \"><strong><img decoding=\"async\" loading=\"lazy\" class=\"alignnone size-full wp-image-441\" title=\"Enthusiasmus\" src=\"https:\/\/www.boriszatko.com\/wp-content\/uploads\/Enthusiasmus.jpg\" alt=\"Enthusiasmus\" width=\"890\" height=\"400\" srcset=\"https:\/\/www.boriszatko.com\/wp-content\/uploads\/Enthusiasmus.jpg 890w, https:\/\/www.boriszatko.com\/wp-content\/uploads\/Enthusiasmus-300x134.jpg 300w\" sizes=\"(max-width: 890px) 100vw, 890px\" \/><\/strong><\/p>\n<p style=\"text-align: left; \"><a href=\"http:\/\/www.spiegel.de\/kultur\/tv\/0,1518,643907,00.html\" target=\"_blank\">Larry David<\/a>, Erfinder der legend\u00e4ren <a href=\"http:\/\/www.sonypictures.com\/tv\/shows\/seinfeld\/\" target=\"_blank\">Seinfeld<\/a>-Sitcom, spielt sich selber in dieser Serie, die an politisch unkorrekten Peinlichkeiten kaum zu \u00fcberbieten ist. Dabei mitzuleiden, wie der gute Larry in jedes erdenkliche Fettn\u00e4pfchen tritt, ist unbeschreiblich. Auch hier gibt es einen deutschen Ableger, <a href=\"http:\/\/www.sat1.ch\/comedy_show\/pastewka\/\" target=\"_blank\">Pastewka<\/a>, und auch dieser ist zu empfehlen.<\/p>\n<p style=\"text-align: center; \"><strong>ENTOURAGE<\/strong><\/p>\n<p style=\"text-align: center; \"><a href=\"http:\/\/www.youtube.com\/watch?v=8E1l8TrDfpY&amp;feature=related\" target=\"_blank\">Kostprobe<\/a><\/p>\n<p style=\"text-align: center; \"><img decoding=\"async\" loading=\"lazy\" class=\"alignnone size-full wp-image-440\" title=\"Gefolge\" src=\"https:\/\/www.boriszatko.com\/wp-content\/uploads\/Gefolge.jpg\" alt=\"Gefolge\" width=\"890\" height=\"400\" srcset=\"https:\/\/www.boriszatko.com\/wp-content\/uploads\/Gefolge.jpg 890w, https:\/\/www.boriszatko.com\/wp-content\/uploads\/Gefolge-300x134.jpg 300w\" sizes=\"(max-width: 890px) 100vw, 890px\" \/><\/p>\n<p style=\"text-align: left; \">Zugegeben, es ist nicht genau Comedy, aber trotzdem verdammt unterhaltsam. F\u00fcr alle, die wissen wollen, wie der Alltag eines Hollywood-Stars aussieht, hier kann man es erfahren. Basierend auf den Erfahrungen von Mark Walberg, schildert diese Serie das Auf und Ab von Schauspieler Vincent Chase und seinen Freunden. Heimlicher Star dieser Serie ist Ari Gold, Chases Agent und Gott aller Choleriker, wie man an der Kostprobe erkennen kann.<\/p>\n<p style=\"text-align: center;\"><strong>FLIGHT OF THE CONCHORDS<\/strong><\/p>\n<p style=\"text-align: center;\"><a href=\"http:\/\/www.youtube.com\/watch?v=lmDTSQtK20c\" target=\"_blank\">Kostprobe<\/a><\/p>\n<p style=\"text-align: left; \"><img decoding=\"async\" loading=\"lazy\" class=\"alignnone size-full wp-image-439\" title=\"Flug\" src=\"https:\/\/www.boriszatko.com\/wp-content\/uploads\/Flug.jpg\" alt=\"Flug\" width=\"890\" height=\"400\" srcset=\"https:\/\/www.boriszatko.com\/wp-content\/uploads\/Flug.jpg 890w, https:\/\/www.boriszatko.com\/wp-content\/uploads\/Flug-300x134.jpg 300w\" sizes=\"(max-width: 890px) 100vw, 890px\" \/><\/p>\n<p style=\"text-align: left; \">Neuseel\u00e4ndischer Humor ist extrem speziell, und ich untertreibe da noch extrem. Trotzdem ist diese Comedy einfach nur extrem g\u00f6ttlich. Eigentlich eine Musical-Serie, die von zwei neuseel\u00e4ndischen Musikern handelt, die in New York keine Karriere machen. Extrem trocken, extrem witzig, extrem anders.<\/p>\n<p style=\"text-align: center;\"><strong>DITTSCHE<\/strong><\/p>\n<p style=\"text-align: center;\"><a href=\"http:\/\/www.youtube.com\/watch?v=LXRLoxVhksE\" target=\"_blank\">Kostprobe<\/a><\/p>\n<p style=\"text-align: left; \"><img decoding=\"async\" loading=\"lazy\" class=\"alignnone size-full wp-image-438\" title=\"Bademantel\" src=\"https:\/\/www.boriszatko.com\/wp-content\/uploads\/Bademantel.jpg\" alt=\"Bademantel\" width=\"890\" height=\"400\" srcset=\"https:\/\/www.boriszatko.com\/wp-content\/uploads\/Bademantel.jpg 890w, https:\/\/www.boriszatko.com\/wp-content\/uploads\/Bademantel-300x134.jpg 300w\" sizes=\"(max-width: 890px) 100vw, 890px\" \/><\/p>\n<p style=\"text-align: left; \">Was w\u00fcrde ich wohl ohne Dittsche machen? Seit Jahren teilt er seine bizarren Theorien \u00fcber Gott und die Welt in Ingos Imbissbude, nur um sich am Ende vom Stammgast Nummer Zwei, Schildkr\u00f6te, sagen zu lassen: \u00bbHalt die Klappe, ich hab Feierabend!\u00ab Und alles ist jedes Mal live und improvisiert.<\/p>\n<p style=\"text-align: left; \">So, und wer jetzt nichts mit diesen Sch\u00e4tzen anfangen kann, der ist\u00a0<a href=\"http:\/\/www.almisalvi.ch\/\" target=\"_blank\">hier<\/a> vielleicht besser aufgehoben. Selber schuld!<\/p>\n","protected":false},"excerpt":{"rendered":"<p>An dieser Stelle m\u00f6chte ich gro\u00dfartige Dinge empfehlen. Das ist anma\u00dfend, m\u00f6gen die Kritiker protestieren, die Geschm\u00e4cker seien schlie\u00dflich verschieden. Dem stimme ich zu. Es gibt guten und schlechten Geschmack. Ruhe jetzt und lesen! Ich fange an mit Comedy, denn diese begleitet mich t\u00e4glich, weil ich anstatt Musik, lieber lustige Menschen h\u00f6re. Jeder, der wieder [&hellip;]<\/p>\n","protected":false},"author":1,"featured_media":0,"parent":0,"menu_order":0,"comment_status":"open","ping_status":"open","template":"","meta":{"footnotes":""},"_links":{"self":[{"href":"https:\/\/www.boriszatko.com\/index.php?rest_route=\/wp\/v2\/pages\/338"}],"collection":[{"href":"https:\/\/www.boriszatko.com\/index.php?rest_route=\/wp\/v2\/pages"}],"about":[{"href":"https:\/\/www.boriszatko.com\/index.php?rest_route=\/wp\/v2\/types\/page"}],"author":[{"embeddable":true,"href":"https:\/\/www.boriszatko.com\/index.php?rest_route=\/wp\/v2\/users\/1"}],"replies":[{"embeddable":true,"href":"https:\/\/www.boriszatko.com\/index.php?rest_route=%2Fwp%2Fv2%2Fcomments&post=338"}],"version-history":[{"count":6,"href":"https:\/\/www.boriszatko.com\/index.php?rest_route=\/wp\/v2\/pages\/338\/revisions"}],"predecessor-version":[{"id":455,"href":"https:\/\/www.boriszatko.com\/index.php?rest_route=\/wp\/v2\/pages\/338\/revisions\/455"}],"wp:attachment":[{"href":"https:\/\/www.boriszatko.com\/index.php?rest_route=%2Fwp%2Fv2%2Fmedia&parent=338"}],"curies":[{"name":"wp","href":"https:\/\/api.w.org\/{rel}","templated":true}]}}