{"id":27,"date":"2009-06-30T17:48:30","date_gmt":"2009-06-30T15:48:30","guid":{"rendered":"https:\/\/www.boriszatko.com\/?page_id=27"},"modified":"2015-10-27T20:17:00","modified_gmt":"2015-10-27T18:17:00","slug":"toms-reise","status":"publish","type":"page","link":"https:\/\/www.boriszatko.com\/?page_id=27","title":{"rendered":"Toms Reise"},"content":{"rendered":"<p><a href=\"https:\/\/www.boriszatko.com\/wp-content\/uploads\/Toms-Reise-1V.jpg\"><img decoding=\"async\" loading=\"lazy\" class=\"alignnone size-full wp-image-333\" title=\"Toms-Reise-1V\" src=\"https:\/\/www.boriszatko.com\/wp-content\/uploads\/Toms-Reise-1V.jpg\" alt=\"Toms-Reise-1V\" width=\"890\" height=\"500\" srcset=\"https:\/\/www.boriszatko.com\/wp-content\/uploads\/Toms-Reise-1V.jpg 890w, https:\/\/www.boriszatko.com\/wp-content\/uploads\/Toms-Reise-1V-300x168.jpg 300w\" sizes=\"(max-width: 890px) 100vw, 890px\" \/><\/a><\/p>\n<p>Eines Tages hatte ich nichts Bedeutendes zu tun und kritzelte\u00a0einfach eine kleine Figur auf ein St\u00fcck Papier. Ich nannte den kleinen Kerl Tom und schickte ihn auf eine Reise. Ich zeichnete die erste Etappe und beschloss, dass die jeweils n\u00e4chsten Stationen andere Zeichner gestalten sollten. In k\u00fcrzester Zeit fanden sich etliche K\u00fcnstler, die bei der Sache mitmachen wollten.<\/p>\n<p>Nachdem ich einen Hintergrund erhielt \u2013 der b\u00fcndig an den Vorhergehenden anschlie\u00dfen musste \u2013, zeichnete ich den Tom hinein und schrieb eine kleine Geschichte dazu.<\/p>\n<p>Die Reise dauerte sehr lange, aber wir wissen ja alle, dass der Weg das eigentliche Ziel ist.<\/p>\n<p><a href=\"https:\/\/www.boriszatko.com\/wp-content\/uploads\/Toms-Reise-Teil-1-1-30.jpg\" target=\"_blank\">Hier<\/a> k\u00f6nnt ihr den ersten Teil lesen, mit den Etappen 1 bis 30.<\/p>\n<p><a href=\"https:\/\/www.boriszatko.com\/wp-content\/uploads\/Toms-Reise-Teil-1-31-45.jpg\" target=\"_blank\">Hier<\/a> k\u00f6nnt ihr den zweiten Teil lesen, mit den Etappen 31 bis 45.<\/p>\n<p>Viel Spa\u00df auf der Reise!<\/p>\n","protected":false},"excerpt":{"rendered":"<p>Eines Tages hatte ich nichts Bedeutendes zu tun und kritzelte\u00a0einfach eine kleine Figur auf ein St\u00fcck Papier. Ich nannte den kleinen Kerl Tom und schickte ihn auf eine Reise. Ich zeichnete die erste Etappe und beschloss, dass die jeweils n\u00e4chsten Stationen andere Zeichner gestalten sollten. In k\u00fcrzester Zeit fanden sich etliche K\u00fcnstler, die bei der [&hellip;]<\/p>\n","protected":false},"author":1,"featured_media":0,"parent":0,"menu_order":0,"comment_status":"closed","ping_status":"closed","template":"","meta":{"footnotes":""},"_links":{"self":[{"href":"https:\/\/www.boriszatko.com\/index.php?rest_route=\/wp\/v2\/pages\/27"}],"collection":[{"href":"https:\/\/www.boriszatko.com\/index.php?rest_route=\/wp\/v2\/pages"}],"about":[{"href":"https:\/\/www.boriszatko.com\/index.php?rest_route=\/wp\/v2\/types\/page"}],"author":[{"embeddable":true,"href":"https:\/\/www.boriszatko.com\/index.php?rest_route=\/wp\/v2\/users\/1"}],"replies":[{"embeddable":true,"href":"https:\/\/www.boriszatko.com\/index.php?rest_route=%2Fwp%2Fv2%2Fcomments&post=27"}],"version-history":[{"count":6,"href":"https:\/\/www.boriszatko.com\/index.php?rest_route=\/wp\/v2\/pages\/27\/revisions"}],"predecessor-version":[{"id":1502,"href":"https:\/\/www.boriszatko.com\/index.php?rest_route=\/wp\/v2\/pages\/27\/revisions\/1502"}],"wp:attachment":[{"href":"https:\/\/www.boriszatko.com\/index.php?rest_route=%2Fwp%2Fv2%2Fmedia&parent=27"}],"curies":[{"name":"wp","href":"https:\/\/api.w.org\/{rel}","templated":true}]}}